{"id":881,"date":"2023-12-21T10:24:58","date_gmt":"2023-12-21T08:24:58","guid":{"rendered":"https:\/\/zen-faraday.31-170-100-185.plesk.page\/politica-de-cookies\/"},"modified":"2023-12-22T14:31:08","modified_gmt":"2023-12-22T12:31:08","slug":"politica-de-cookies","status":"publish","type":"page","link":"https:\/\/zen-faraday.31-170-100-185.plesk.page\/es\/politica-de-cookies\/","title":{"rendered":"Pol\u00edtica de Cookies"},"content":{"rendered":"\n<p>El objetivo de esta pol\u00edtica es informar a los interesados acerca de las cookies que emplea esta p\u00e1gina web de conformidad con lo establecido en la Ley 34\/2002, de 11 de julio, de Servicios de la Sociedad de la Informaci\u00f3n y de Comercio Electr\u00f3nico, y el Reglamento (UE) 2016\/679 del Parlamento Europeo y del Consejo de 27 de abril de 2016.<\/p>\n\n<p>1. USO DE COOKIES. \u00bfQU\u00c9 SON LAS COOKIES?<\/p>\n\n<p>Las cookies son ficheros que se descargan en su Ordenador, Smartphone o Tablet al acceder a determinadas p\u00e1ginas web. La utilizaci\u00f3n de cookies, ofrece numerosas ventajas en la prestaci\u00f3n de servicios de la Sociedad de la Informaci\u00f3n, puesto que, entre otras: (a) facilita la navegaci\u00f3n del usuario en el Sitio Web; (b) facilita al usuario el acceso a los diferentes servicios que ofrece el Sitio Web; (c) evita al usuario volver a configurar caracter\u00edsticas generales predefinidas cada vez que accede al Sitio Web; (d) favorece la mejora del funcionamiento y de los servicios prestados a trav\u00e9s del Sitio Web, tras el correspondiente an\u00e1lisis de la informaci\u00f3n obtenida a trav\u00e9s de las cookies instaladas; (e) permiten a un Sitio Web, entre otras cosas, almacenar y recuperar informaci\u00f3n sobre los h\u00e1bitos de navegaci\u00f3n de un usuario o de su equipo y, dependiendo de la informaci\u00f3n que contengan y de la forma en que utilice su equipo, pueden utilizarse para reconocer al usuario.<\/p>\n\n<p>La mayor\u00eda de los navegadores aceptan como est\u00e1ndar a las cookies y, con independencia de las mismas, permiten o impiden en los ajustes de seguridad las cookies temporales o memorizadas.<\/p>\n\n<p>Ten en cuenta que para poder utilizar y contar con una mejor experiencia de navegaci\u00f3n, es necesario que tengas habilitadas las cookies, especialmente aquellas de car\u00e1cter t\u00e9cnico que resultan necesarias para que pueda identificarte como usuario registrado cada vez que accedas a la presente web.<\/p>\n\n<p>En caso de no querer recibir cookies, por favor, configure su navegador de internet, para que las borre del disco duro de su ordenador, las bloquee o le avise en su caso de instalaci\u00f3n de las mismas.<\/p>\n\n<p>2. \u00bfQU\u00c9 TIPOS DE COOKIES UTILIZA ESTA P\u00c1GINA WEB?<\/p>\n\n<p><strong>Cookies utilizadas en este sitio web.<\/strong><\/p>\n\n<p>Siguiendo las directrices de la Agencia Espa\u00f1ola de Protecci\u00f3n de Datos, procedemos a detallar el uso de las cookies que esta p\u00e1gina web emplea, con el fin de proporcionarle la m\u00e1xima informaci\u00f3n posible.<\/p>\n\n<p><strong>Cookies Propias:<\/strong><\/p>\n\n<p>Son aqu\u00e9llas que se env\u00edan al equipo terminal del usuario desde un equipo o dominio gestionado por el propio editor y desde el que se presta el servicio solicitado por el usuario.<\/p>\n\n<p><strong>Cookies de Terceros:<\/strong><\/p>\n\n<p>Son aqu\u00e9llas que se env\u00edan al equipo terminal del usuario desde un equipo o dominio que no es gestionado por el editor, sino por otra entidad que trata los datos obtenidos trav\u00e9s de las cookies.<\/p>\n\n<p>A continuaci\u00f3n la lista de las que utilizamos:<\/p>\n\n<figure class=\"wp-block-table\"><table><thead><tr><td><strong>Necesarias<\/strong><\/td><\/tr><tr><th><strong>Nombre<\/strong><\/th><th><strong>Tipo<\/strong><\/th><th><strong>Proveedor<\/strong><\/th><th><strong>Caducidad<\/strong><\/th><th><strong>Prop\u00f3sito<\/strong><\/th><\/tr><\/thead><tbody><tr><td>__cf_bm<\/td><td>HTTP cookie<\/td><td>fonts.net<\/td><td>1 d\u00eda<\/td><td>Esta cookie se utiliza para distinguir entre humanos y bots. Esto es beneficioso para la web con el objeto de elaborar informes v\u00e1lidos sobre el uso de su web.<\/td><\/tr><tr><td>CONSENT (2)<\/td><td>HTTP cookie<\/td><td>google.com \/ youtube.com<\/td><td>2 a\u00f1os<\/td><td>Utilizada para detectar si el visitante ha aceptado la categor\u00eda de marketing en el banner de cookies. Esta cookie es necesaria para que la web cumpla con el RGPD.<\/td><\/tr><tr><td>CookieConsent<\/td><td>HTTP cookie<\/td><td>tejidos-royo.com<\/td><td>1 a\u00f1o<\/td><td>Almacena el estado de consentimiento de cookies del usuario para el dominio actual.<\/td><\/tr><tr><td>PHPSESSID<\/td><td>HTTP cookie<\/td><td>tejidosroyo.com<\/td><td>Sesi\u00f3n<\/td><td>Conserva los estados de los usuarios en todas las peticiones de la p\u00e1gina.<\/td><\/tr><\/tbody><\/table><\/figure>\n\n<figure class=\"wp-block-table\"><table><thead><tr><td><strong>Estad\u00edsticas<\/strong><\/td><\/tr><tr><th><strong>Nombre<\/strong><\/th><th><strong>Tipo<\/strong><\/th><th><strong>Proveedor<\/strong><\/th><th><strong>Caducidad<\/strong><\/th><th><strong>Prop\u00f3sito<\/strong><\/th><\/tr><\/thead><tbody><tr><td>_ga<\/td><td>HTTP cookie<\/td><td>tejidosroyo.com<\/td><td>2 a\u00f1os<\/td><td>Registra una identificaci\u00f3n \u00fanica que se utiliza para generar datos estad\u00edsticos acerca de c\u00f3mo utiliza el visitante el sitio web.<\/td><\/tr><tr><td>_gid<\/td><td>HTTP cookie<\/td><td>tejidosroyo.com<\/td><td>1 d\u00eda<\/td><td>Registra una identificaci\u00f3n \u00fanica que se utiliza para generar datos estad\u00edsticos acerca de c\u00f3mo utiliza el visitante el sitio web.<\/td><\/tr><tr><td>collect<\/td><td>Pixel Tracker<\/td><td>google-analytics.com<\/td><td>Sesi\u00f3n<\/td><td>Se utiliza para enviar datos a Google Analytics sobre el dispositivo del visitante y su comportamiento. Rastrea al visitante a trav\u00e9s de dispositivos y canales de marketing.<\/td><\/tr><tr><td>_dc_gtm_UA-#<\/td><td>HTTP cookie<\/td><td>tejidosroyo.com<\/td><td>1 d\u00eda<\/td><td>Utilizado por Google Tag Manager para controlar la carga de una etiqueta de script de Google Analytics.<\/td><\/tr><\/tbody><\/table><\/figure>\n\n<figure class=\"wp-block-table\"><table><thead><tr><td><strong>Marketing<\/strong><\/td><\/tr><tr><th><strong>Nombre<\/strong><\/th><th><strong>Tipo<\/strong><\/th><th><strong>Proveedor<\/strong><\/th><th><strong>Caducidad<\/strong><\/th><th><strong>Prop\u00f3sito<\/strong><\/th><\/tr><\/thead><tbody><tr><td>VISITOR_INFO1_LIVE<\/td><td>HTTP cookie<\/td><td>youtube.com<\/td><td>179 d\u00edas<\/td><td>Intenta calcular el ancho de banda del usuario en p\u00e1ginas con v\u00eddeos de YouTube integrados.<\/td><\/tr><tr><td>YSC<\/td><td>HTTP cookie<\/td><td>youtube.com<\/td><td>Sesi\u00f3n<\/td><td>Registra una identificaci\u00f3n \u00fanica para mantener estad\u00edsticas de qu\u00e9 v\u00eddeos de YouTube ha visto el usuario.<\/td><\/tr><tr><td>ytidb::LAST_RESULT_ENTRY_KEY<\/td><td>HTML Local Storage<\/td><td>youtube.com<\/td><td>Persistente<\/td><td>Registra las preferencias del reproductor de v\u00eddeo del usuario al ver v\u00eddeos incrustados de YouTube<\/td><\/tr><tr><td>yt-remote-cast-installed<\/td><td>HTML Local Storage<\/td><td>youtube.com<\/td><td>Sesi\u00f3n<\/td><td>Registra las preferencias del reproductor de v\u00eddeo del usuario al ver v\u00eddeos incrustados de YouTube<\/td><\/tr><tr><td>yt-remote-connected-devices<\/td><td>HTML Local Storage<\/td><td>youtube.com<\/td><td>Persistente<\/td><td>Registra las preferencias del reproductor de v\u00eddeo del usuario al ver v\u00eddeos incrustados de YouTube<\/td><\/tr><tr><td>yt-remote-device-id<\/td><td>HTML Local Storage<\/td><td>youtube.com<\/td><td>Persistente<\/td><td>Registra las preferencias del reproductor de v\u00eddeo del usuario al ver v\u00eddeos incrustados de YouTube<\/td><\/tr><tr><td>yt-remote-fast-check-period<\/td><td>HTML Local Storage<\/td><td>youtube.com<\/td><td>Sesi\u00f3n<\/td><td>Registra las preferencias del reproductor de v\u00eddeo del usuario al ver v\u00eddeos incrustados de YouTube<\/td><\/tr><tr><td>yt-remote-session-app<\/td><td>HTML Local Storage<\/td><td>youtube.com<\/td><td>Sesi\u00f3n<\/td><td>Registra las preferencias del reproductor de v\u00eddeo del usuario al ver v\u00eddeos incrustados de YouTube<\/td><\/tr><tr><td>yt-remote-session-name<\/td><td>HTML Local Storage<\/td><td>youtube.com<\/td><td>Sesi\u00f3n<\/td><td>Registra las preferencias del reproductor de v\u00eddeo del usuario al ver v\u00eddeos incrustados de YouTube<\/td><\/tr><\/tbody><\/table><\/figure>\n\n<p>TEJIDOS ROYO S.L. no se hace responsable, en ning\u00fan caso ni del contenido ni de la veracidad de las pol\u00edticas y\/o condiciones de uso y privacidad de los terceros, incluidos, a trav\u00e9s de los enlaces, en esta pol\u00edtica.<\/p>\n\n<p>3. CONSENTIMIENTO<\/p>\n\n<p>En relaci\u00f3n con la utilizaci\u00f3n de cookies de este sitio web descritos en el apartado anterior, el usuario autoriza y consiente su uso de la siguiente forma: Cuando el usuario accede a cualquier p\u00e1gina de la web, ver\u00e1 un aviso donde se indica que la p\u00e1gina web de TEJIDOS ROYO S.L. utiliza cookies, pudiendo el usuario aceptar o rechazar el uso de las mismas a trav\u00e9s de la configuraci\u00f3n de su navegador. Si el usuario no configura su navegador para que las cookies no se activen, al navegar por el sitio web de TEJIDOS ROYO S.L. y utilizar sus servicios, el usuario acepta el uso que se hace de las cookies.<\/p>\n\n<p>4. C\u00d3MO BLOQUEAR O ELIMINAR LAS COOKIES INSTALADAS<\/p>\n\n<p>Puede usted permitir, bloquear o eliminar las cookies instaladas en su equipo mediante la configuraci\u00f3n de las opciones de su navegador. Puede encontrar informaci\u00f3n sobre c\u00f3mo hacerlo, en relaci\u00f3n con los navegadores m\u00e1s comunes en los links que se incluyen a continuaci\u00f3n:<\/p>\n\n<p>Explorer <a href=\"https:\/\/support.microsoft.com\/es-es\/kb\/278835\" target=\"_blank\" rel=\"noreferrer noopener\">https:\/\/support.microsoft.com\/es-es\/kb\/278835<\/a><\/p>\n\n<p>Chrome <a href=\"http:\/\/support.google.com\/chrome\/bin\/answer.py?hl=es&amp;answer=95647\" target=\"_blank\" rel=\"noreferrer noopener\">http:\/\/support.google.com\/chrome\/bin\/answer.py?hl=es&amp;answer=95647<\/a><\/p>\n\n<p>Firefox <a href=\"http:\/\/support.mozilla.org\/es\/kb\/Borrar%20cookies\" target=\"_blank\" rel=\"noreferrer noopener\">http:\/\/support.mozilla.org\/es\/kb\/Borrar%20cookies<\/a><\/p>\n\n<p>Safari <a href=\"http:\/\/support.apple.com\/kb\/ph5042\" target=\"_blank\" rel=\"noreferrer noopener\">http:\/\/support.apple.com\/kb\/ph5042<\/a><\/p>\n\n<p>Opera <a href=\"https:\/\/help.opera.com\/en\/latest\/web-preferences\/#cookies\" target=\"_blank\" rel=\"noreferrer noopener\">https:\/\/help.opera.com\/en\/latest\/web-preferences\/#cookies<\/a><\/p>\n\n<p>5. MODIFICACIONES<\/p>\n\n<p>La presente pol\u00edtica de cookies puede verse modificada en funci\u00f3n de las exigencias legales establecidas o con la finalidad de adaptar dicha pol\u00edtica a las instrucciones dictadas por la Agencia Espa\u00f1ola de Protecci\u00f3n de Datos.<\/p>\n\n<p>Por esta raz\u00f3n, aconsejamos a los usuarios que visiten peri\u00f3dicamente nuestra pol\u00edtica de cookies.<\/p>\n\n<p>Cuando se produzcan cambios significativos en esta pol\u00edtica, en la medida de nuestras posibilidades, comunicaremos a los usuarios estos cambios mediante un aviso en nuestra p\u00e1gina web.<\/p>\n\n<p>Si tiene dudas acerca de esta pol\u00edtica de cookies, puede contactar con TEJIDOS ROYO S.L. a trav\u00e9s del siguiente correo electr\u00f3nico <a href=\"mailto:lopd@tejidosroyo.com\">lopd@tejidosroyo.com<\/a>.<\/p>\n\n<p>\u00daltima revisi\u00f3n 30\/07\/2019<\/p>\n","protected":false},"excerpt":{"rendered":"<p>El objetivo de esta pol\u00edtica es informar a los interesados acerca de las cookies que emplea esta p\u00e1gina web de conformidad con lo establecido en la Ley 34\/2002, de 11 de julio, de Servicios de la Sociedad de la Informaci\u00f3n y de Comercio Electr\u00f3nico, y el Reglamento (UE) 2016\/679 del Parlamento Europeo y del Consejo [&hellip;]<\/p>\n","protected":false},"author":1,"featured_media":0,"parent":0,"menu_order":0,"comment_status":"closed","ping_status":"closed","template":"","meta":{"footnotes":""},"class_list":["post-881","page","type-page","status-publish","hentry"],"_links":{"self":[{"href":"https:\/\/zen-faraday.31-170-100-185.plesk.page\/es\/wp-json\/wp\/v2\/pages\/881","targetHints":{"allow":["GET"]}}],"collection":[{"href":"https:\/\/zen-faraday.31-170-100-185.plesk.page\/es\/wp-json\/wp\/v2\/pages"}],"about":[{"href":"https:\/\/zen-faraday.31-170-100-185.plesk.page\/es\/wp-json\/wp\/v2\/types\/page"}],"author":[{"embeddable":true,"href":"https:\/\/zen-faraday.31-170-100-185.plesk.page\/es\/wp-json\/wp\/v2\/users\/1"}],"replies":[{"embeddable":true,"href":"https:\/\/zen-faraday.31-170-100-185.plesk.page\/es\/wp-json\/wp\/v2\/comments?post=881"}],"version-history":[{"count":5,"href":"https:\/\/zen-faraday.31-170-100-185.plesk.page\/es\/wp-json\/wp\/v2\/pages\/881\/revisions"}],"predecessor-version":[{"id":1155,"href":"https:\/\/zen-faraday.31-170-100-185.plesk.page\/es\/wp-json\/wp\/v2\/pages\/881\/revisions\/1155"}],"wp:attachment":[{"href":"https:\/\/zen-faraday.31-170-100-185.plesk.page\/es\/wp-json\/wp\/v2\/media?parent=881"}],"curies":[{"name":"wp","href":"https:\/\/api.w.org\/{rel}","templated":true}]}}