{"id":1057,"date":"2023-12-22T11:06:27","date_gmt":"2023-12-22T09:06:27","guid":{"rendered":"https:\/\/zen-faraday.31-170-100-185.plesk.page\/privacy-policy\/"},"modified":"2023-12-22T14:30:29","modified_gmt":"2023-12-22T12:30:29","slug":"privacy-policy","status":"publish","type":"page","link":"https:\/\/zen-faraday.31-170-100-185.plesk.page\/es\/privacy-policy\/","title":{"rendered":"Pol\u00edtica de privacidad"},"content":{"rendered":"\n<p>El objetivo de esta pol\u00edtica es informar a los interesados acerca de los distintos tratamientos realizados por esta organizaci\u00f3n mediante la p\u00e1gina web y que afecten a sus datos personales de conformidad con lo establecido en el Reglamento (UE) 2016\/679 del Parlamento Europeo y del Consejo de 27 de abril de 2016 y en la Ley Org\u00e1nica 3\/2018, de 5 de diciembre, de Protecci\u00f3n de Datos Personales y garant\u00eda de los derechos digitales.<\/p>\n\n<h1 class=\"wp-block-heading\"><a>1. IDENTIFICACI\u00d3N Y DATOS DE CONTACTO DEL RESPONSABLE<\/a><a><\/a><\/h1>\n\n<p>TEJIDOS ROYO S.L., domiciliada en C\/ 4 POL. IND. DE PICASSENT (46220 PICASSENT) VALENCIA, con NIF B96348644, tel\u00e9fono de contacto 961240300 y correo electr\u00f3nico lopd@royotextile.com<\/p>\n\n<p>La identidad de las empresas del GRUPO TEJIDOS ROYO que act\u00faan como Corresponsables del Tratamiento con son las siguientes:<\/p>\n\n<figure class=\"wp-block-table\"><table><tbody><tr><td>TEJIDOS ROYO S.L.<\/td><td>B96348644<\/td><\/tr><tr><td>JOSE ROYO S.L.<\/td><td>B46011987<\/td><\/tr><tr><td>TEXIVAL S.A.<\/td><td>A46390886<\/td><\/tr><tr><td>FUNDACI\u00d3N JOS\u00c9 Y ANA ROYO S.L.<\/td><td>G96688908<\/td><\/tr><tr><td>RANDOM TEX S.L.<\/td><td>B96348529<\/td><\/tr><tr><td>BENALAR S.L.<\/td><td>B46047114<\/td><\/tr><tr><td>INMUEBLES LISAR S.L.<\/td><td>B96401690<\/td><\/tr><\/tbody><\/table><\/figure>\n\n<p><strong><u>DELEGADO DE PROTECCI\u00d3N DE DATOS<\/u><\/strong><\/p>\n\n<p>SEGURIDAD Y PRIVACIDAD DE DATOS, SL, tel\u00e9fono de contacto 963122868 y correo electr\u00f3nico <a href=\"mailto:infodpo@forlopd.es\">infodpo@forlopd.es<\/a><\/p>\n\n<h1 class=\"wp-block-heading\"><a>2. FINALIDADES DEL TRATAMIENTO DE SUS DATOS PERSONALES <\/a><a><\/a><\/h1>\n\n<ul class=\"wp-block-list\">\n<li><strong>USUARIOS\/NAVEGANTES DE LA P\u00c1GINA WEB DEL RESPONSABLE<\/strong><\/li>\n<\/ul>\n\n<p>Trataremos los datos de car\u00e1cter personal facilitados para:<\/p>\n\n<ul class=\"wp-block-list\">\n<li>Atender a las solicitudes, quejas e incidencias trasladadas a trav\u00e9s de nuestros canales de contacto incorporados en la p\u00e1gina web.<\/li>\n\n\n\n<li>Entender el comportamiento del navegante dentro de la web con el fin de detectar posibles ataques inform\u00e1ticos a nuestra web.<\/li>\n\n\n\n<li>Cumplir con las obligaciones legales que nos resulten directamente aplicables y regulen nuestra actividad.<\/li>\n\n\n\n<li>Proteger y ejercer nuestros derechos o responder ante reclamaciones de cualquier \u00edndole.<\/li>\n\n\n\n<li>En su caso, env\u00edo de comunicaciones comerciales relativas a los bienes o servicios que conforman nuestra actividad y\/o noticias o boletines relacionados con nuestro sector. Su negativa a facilitarnos la autorizaci\u00f3n implicar\u00e1 la imposibilidad de enviarle informaci\u00f3n por parte de la entidad.<\/li>\n\n\n\n<li>En su caso, gestionar su participaci\u00f3n en concursos y promociones que realice la entidad. Su negativa a facilitarnos la autorizaci\u00f3n implicar\u00e1 la imposibilidad de participar.<\/li>\n\n\n\n<li>En su caso, enviar encuestas de satisfacci\u00f3n y\/o calidad. Su negativa a facilitarnos la autorizaci\u00f3n implicar\u00e1 la imposibilidad de evaluar el servicio prestado.<\/li>\n<\/ul>\n\n<ul class=\"wp-block-list\">\n<li><strong>INFORMANTES\/PERSONAS AFECTADAS (CANAL DE DENUNCIAS)<\/strong><\/li>\n<\/ul>\n\n<p> En suma, a las finalidades se\u00f1aladas en el apartado \u00abusuarios\/navegantes de la p\u00e1gina web\u00bb, trataremos sus datos de car\u00e1cter personal facilitados para:<\/p>\n\n<ul class=\"wp-block-list\">\n<li>Prevenci\u00f3n, detecci\u00f3n, investigaci\u00f3n y enjuiciamiento de infracciones y de ejecuci\u00f3n de sanciones.<\/li>\n\n\n\n<li>Cumplir con las obligaciones legales que nos resulten directamente aplicables.<\/li>\n\n\n\n<li>Poner en conocimiento de las autoridades competentes la comisi\u00f3n de actos o conductas que pudieran resultar contrarios a la normativa.<\/li>\n\n\n\n<li>Tramitaci\u00f3n de las comunicaciones de los informantes.<\/li>\n<\/ul>\n\n<h1 class=\"wp-block-heading\"><a>3. BASE JUR\u00cdDICA DEL TRATAMIENTO<\/a><a><\/a><\/h1>\n\n<ul class=\"wp-block-list\">\n<li><strong>USUARIOS\/NAVEGANTES DE LA P\u00c1GINA WEB DEL RESPONSABLE<\/strong><\/li>\n\n\n\n<li>En el consentimiento que nos has prestado para tratar tus datos con las finalidades indicadas. La negativa a facilitar sus datos personales conllevara la imposibilidad de tratar sus datos con las finalidades mencionadas.<\/li>\n\n\n\n<li>Para cumplir con las obligaciones legales que se nos aplican. En este caso, el interesado no podr\u00e1 negarse al tratamiento de los datos personales.<\/li>\n\n\n\n<li>En nuestro inter\u00e9s leg\u00edtimo de proteger nuestra imagen, negocio y trayectoria evitando ataques a nuestra p\u00e1gina web. En este caso, el interesado no podr\u00e1 negarse al tratamiento de los datos personales, aunque podr\u00e1 ejercer, en su caso, los derechos reconocidos en el apartado \u00abderechos\u00bb de la presente pol\u00edtica.<\/li>\n<\/ul>\n\n<ul class=\"wp-block-list\">\n<li>  <strong>INFORMANTES\/PERSONAS AFECTADAS (CANAL DE DENUNCIAS)<\/strong><\/li>\n\n\n\n<li>Tratamiento necesario para el cumplimiento de una obligaci\u00f3n legal aplicable al responsable del tratamiento.<\/li>\n\n\n\n<li>El tratamiento es necesario por razones de un inter\u00e9s p\u00fablico esencial, sobre la base del Derecho de la Uni\u00f3n o de los Estados miembros, que debe ser proporcional al objetivo perseguido, respetar en lo esencial el derecho a la protecci\u00f3n de datos y establecer medidas adecuadas y espec\u00edficas para proteger los intereses y derechos fundamentales del interesado.<\/li>\n<\/ul>\n\n<h1 class=\"wp-block-heading\"><a>4. PLAZOS O CRITERIOS DE CONSERVACI\u00d3N DE LOS DATOS<\/a><a><\/a><\/h1>\n\n<p>Los datos personales proporcionados se conservar\u00e1n durante el tiempo necesario para cumplir con las finalidades para los que fueron recopilados inicialmente.<\/p>\n\n<p>Una vez que los datos dejen de ser necesarios para el tratamiento en cuesti\u00f3n, estos se mantendr\u00e1n debidamente bloqueados para, en su caso, ponerlos a disposici\u00f3n de las Administraciones y Organismos P\u00fablicas competentes, Jueces y Tribunales o el Ministerio Fiscal, durante el plazo de prescripci\u00f3n de las acciones que pudieran derivarse de la relaci\u00f3n mantenida con el cliente y\/o los plazos de conservaci\u00f3n previstos legalmente.<\/p>\n\n<h1 class=\"wp-block-heading\"><a>5. DECISIONES AUTOMATIZADAS Y ELABORACI\u00d3N DE PERFILES <\/a><a><\/a><\/h1>\n\n<p>La p\u00e1gina web no toma decisiones automatizadas ni elabora perfiles.<\/p>\n\n<h1 class=\"wp-block-heading\"><a>6. DESTINATARIOS<\/a><a><\/a><\/h1>\n\n<p>Durante el periodo de duraci\u00f3n del tratamiento de sus datos personales, la organizaci\u00f3n podr\u00e1 ceder sus datos a los siguientes destinatarios:<\/p>\n\n<ul class=\"wp-block-list\">\n<li>Jueces y Tribunales.<\/li>\n\n\n\n<li>Fuerzas y Cuerpos de Seguridad del Estado.<\/li>\n\n\n\n<li>Otras autoridades u organismos p\u00fablicos competentes, cuando el responsable tenga la obligaci\u00f3n legal de facilitar los datos personales.<\/li>\n\n\n\n<li>En su caso, a aquellos Encargados de Tratamiento que nos brinden servicios.<\/li>\n<\/ul>\n\n<h1 class=\"wp-block-heading\"><a>7. TRANSFERENCIAS INTERNACIONALES DE DATOS<\/a><a><\/a><\/h1>\n\n<p>La organizaci\u00f3n no realiza Transferencia Internacional de Datos alguna. En caso de que posteriormente fuera necesario realizar transferencias internacionales de datos, se verificar\u00e1 el grado de protecci\u00f3n del pa\u00eds de destino y se adoptar\u00e1n las garant\u00edas exigidas por la normativa.<\/p>\n\n<h1 class=\"wp-block-heading\">  8.  <a> REDES SOCIALES<\/a><a><\/a><\/h1>\n\n<p>Con la finalidad de hacerle part\u00edcipe de nuestra actividad, y de que pueda estar al tanto de nuestras novedades, le informamos de que TEJIDOS ROYO S.L. tiene creado un perfil en las Redes Sociales.<\/p>\n\n<p>Todos los usuarios tienen la oportunidad de unirse a nuestras redes sociales o grupos. Sin embargo, debe tener en cuenta que, salvo que le solicitemos sus datos directamente (por ejemplo, mediante acciones de marketing, concursos, promociones, o cualquier otra forma v\u00e1lida), sus datos pertenecer\u00e1n a la Red Social correspondiente, por lo que le recomendamos que lea detenidamente sus condiciones de uso y pol\u00edticas de privacidad, as\u00ed como, se asegure de configurar sus preferencias en cuanto al tratamiento de los datos.<\/p>\n\n<p>A continuaci\u00f3n, detallamos el enlace a la pol\u00edtica de privacidad a las distintas Redes Sociales en las que tenemos presencia, para que pueda acceder en todo momento a las pol\u00edticas de privacidad y configurar su perfil para garantizar su privacidad:<\/p>\n\n<p><strong>Facebook: <\/strong>https:\/\/es-es.facebook.com\/privacy\/policy\/?entry_point=facebook_page_footer<\/p>\n\n<p><strong>LinkedIn: <\/strong><a href=\"https:\/\/www.linkedin.com\/legal\/privacy-policy?_l=es_ES\">https:\/\/es.linkedin.com\/legal\/privacy-policy<\/a><\/p>\n\n<p><strong>Youtube<\/strong>:<a href=\"https:\/\/www.youtube.com\/yt\/policyandsafety\/es\/\">https:\/\/www.youtube.com\/intl\/ALL_es\/howyoutubeworks\/our-commitments\/protecting-user-data\/<\/a><\/p>\n\n<p><strong>Instagram:<\/strong> https:\/\/privacycenter.instagram.com\/<\/p>\n\n<p><strong>Pinterest: <\/strong>https:\/\/policy.pinterest.com\/es\/privacy-policy<\/p>\n\n<h1 class=\"wp-block-heading\"><a>9. DERECHOS<\/a><a><\/a><\/h1>\n\n<p>Los interesados podr\u00e1n solicitar m\u00e1s informaci\u00f3n acerca del tratamiento de sus datos personales as\u00ed como ejercer en cualquier momento y, de forma gratuita, los derechos de acceso, rectificaci\u00f3n y supresi\u00f3n, as\u00ed como solicitar que se limite el tratamiento de sus datos personales, oponerse al mismo, solicitar la portabilidad de estos (siempre que sea t\u00e9cnicamente posible) o retirar el consentimiento prestado y, en su caso, a no ser objeto de una decisi\u00f3n basada \u00fanicamente en un tratamiento automatizado, incluido la elaboraci\u00f3n de perfiles.<\/p>\n\n<p>Para ello podr\u00e1 emplear los formularios habilitados por la organizaci\u00f3n, o bien dirigir un escrito a la direcci\u00f3n postal o correo electr\u00f3nico referenciados en el encabezamiento. A los efectos oportunos, le informamos que se le podr\u00e1 solicitar su DNI o cualquier otro documento an\u00e1logo, con la finalidad de acreditar su identidad, siempre que ello no pueda realizarse por otros medios menos intrusivos.<\/p>\n\n<p>En caso de que sienta vulnerados sus derechos en lo concerniente a la protecci\u00f3n de sus datos personales, especialmente cuando no haya obtenido satisfacci\u00f3n en el ejercicio de sus derechos, puede presentar una reclamaci\u00f3n ante la Autoridad de Control en materia de Protecci\u00f3n de Datos competente (Agencia Espa\u00f1ola de Protecci\u00f3n de Datos), a trav\u00e9s de su sitio web www.aepd.es<\/p>\n\n<h1 class=\"wp-block-heading\"><a>10. VERACIDAD DE LOS DATOS<\/a><a><\/a><\/h1>\n\n<p>El interesado garantiza que los datos aportados son verdaderos, exactos, completos y se encuentran actualizados; comprometi\u00e9ndose a informar de cualquier cambio respecto de los datos que aportara, por los canales habilitados al efecto e indicados en el punto uno de la presente pol\u00edtica. Ser\u00e1 responsable de cualquier da\u00f1o o perjuicio, tanto directo como indirecto, que pudiera ocasionar como consecuencia del incumplimiento de la presente obligaci\u00f3n.<\/p>\n\n<p>En el supuesto de que el usuario facilite datos de terceros, declara que cuenta con el consentimiento de los interesados y se compromete a trasladarle la informaci\u00f3n contenida en esta cl\u00e1usula, eximiendo a la organizaci\u00f3n de cualquier responsabilidad derivada por la falta de cumplimiento de la presente obligaci\u00f3n.<\/p>\n\n<h1 class=\"wp-block-heading\"><a>11. MODIFICACIONES Y ACTUALIZACI\u00d3N<\/a><a><\/a><\/h1>\n\n<p>La presente pol\u00edtica de privacidad puede verse modificada\/actualizada en funci\u00f3n de las exigencias legales establecidas o con la finalidad de adaptar dicha pol\u00edtica a las instrucciones dictadas por la Agencia Espa\u00f1ola de Protecci\u00f3n de Datos, o a consecuencia de cambios en nuestro sitio web. Por esta raz\u00f3n, aconsejamos a los usuarios que visiten peri\u00f3dicamente nuestra Pol\u00edtica de Privacidad.<\/p>\n\n<p>Si tiene dudas acerca de esta pol\u00edtica, puede contactar con TEJIDOS ROYO S.L. a trav\u00e9s de los formularios habilitados por la organizaci\u00f3n, o bien dirigir un escrito a la direcci\u00f3n postal o correo electr\u00f3nico referenciados en el encabezamiento.<\/p>\n\n<p>\u00daltima revisi\u00f3n, 9 de noviembre de 2023<\/p>\n","protected":false},"excerpt":{"rendered":"<p>El objetivo de esta pol\u00edtica es informar a los interesados acerca de los distintos tratamientos realizados por esta organizaci\u00f3n mediante la p\u00e1gina web y que afecten a sus datos personales de conformidad con lo establecido en el Reglamento (UE) 2016\/679 del Parlamento Europeo y del Consejo de 27 de abril de 2016 y en la [&hellip;]<\/p>\n","protected":false},"author":1,"featured_media":0,"parent":0,"menu_order":0,"comment_status":"closed","ping_status":"closed","template":"","meta":{"footnotes":""},"class_list":["post-1057","page","type-page","status-publish","hentry"],"_links":{"self":[{"href":"https:\/\/zen-faraday.31-170-100-185.plesk.page\/es\/wp-json\/wp\/v2\/pages\/1057","targetHints":{"allow":["GET"]}}],"collection":[{"href":"https:\/\/zen-faraday.31-170-100-185.plesk.page\/es\/wp-json\/wp\/v2\/pages"}],"about":[{"href":"https:\/\/zen-faraday.31-170-100-185.plesk.page\/es\/wp-json\/wp\/v2\/types\/page"}],"author":[{"embeddable":true,"href":"https:\/\/zen-faraday.31-170-100-185.plesk.page\/es\/wp-json\/wp\/v2\/users\/1"}],"replies":[{"embeddable":true,"href":"https:\/\/zen-faraday.31-170-100-185.plesk.page\/es\/wp-json\/wp\/v2\/comments?post=1057"}],"version-history":[{"count":6,"href":"https:\/\/zen-faraday.31-170-100-185.plesk.page\/es\/wp-json\/wp\/v2\/pages\/1057\/revisions"}],"predecessor-version":[{"id":1151,"href":"https:\/\/zen-faraday.31-170-100-185.plesk.page\/es\/wp-json\/wp\/v2\/pages\/1057\/revisions\/1151"}],"wp:attachment":[{"href":"https:\/\/zen-faraday.31-170-100-185.plesk.page\/es\/wp-json\/wp\/v2\/media?parent=1057"}],"curies":[{"name":"wp","href":"https:\/\/api.w.org\/{rel}","templated":true}]}}